{"id":1072,"date":"2020-11-23T08:40:14","date_gmt":"2020-11-23T07:40:14","guid":{"rendered":"https:\/\/openprint.com\/proyectos\/"},"modified":"2021-07-07T15:11:44","modified_gmt":"2021-07-07T13:11:44","slug":"projectes","status":"publish","type":"page","link":"https:\/\/openprint.com\/ca\/projectes\/","title":{"rendered":"Projectes"},"content":{"rendered":"<div class=\"wpb-content-wrapper\"><p>[vc_row css_animation=&#8221;&#8221; row_type=&#8221;row&#8221; use_row_as_full_screen_section=&#8221;no&#8221; type=&#8221;grid&#8221; angled_section=&#8221;no&#8221; text_align=&#8221;left&#8221; background_image_as_pattern=&#8221;without_pattern&#8221; el_id=&#8221;cabecera&#8221; z_index=&#8221;&#8221; background_image=&#8221;2414&#8243;][vc_column][vc_column_text]<\/p>\n<h1><span class=\"big\">PROJECTES<\/span><\/h1>\n<p>[\/vc_column_text][vc_single_image image=&#8221;1039&#8243; img_size=&#8221;full&#8221; alignment=&#8221;center&#8221; onclick=&#8221;custom_link&#8221; qode_css_animation=&#8221;&#8221; link=&#8221;\/ca\/contacte\/&#8221;][\/vc_column][\/vc_row][vc_row css_animation=&#8221;&#8221; row_type=&#8221;row&#8221; use_row_as_full_screen_section=&#8221;no&#8221; type=&#8221;full_width&#8221; angled_section=&#8221;no&#8221; text_align=&#8221;left&#8221; background_image_as_pattern=&#8221;without_pattern&#8221; z_index=&#8221;&#8221; background_color=&#8221;#e6e6e6&#8243; el_class=&#8221;ejemplos&#8221;][vc_column width=&#8221;1\/3&#8243;]<div class=\"q_image_with_text_over\"><div class=\"shader\" style=\"background-color: rgba(24,157,152,0.5)\"><\/div><img decoding=\"async\" itemprop=\"image\" src=\"https:\/\/openprint.com\/wp-content\/uploads\/2020\/11\/Open-Print-Proyectos-MediaMarkt-Lona-PVC-Gran-Formato.jpg\" alt=\"Open Print - Proyectos - MediaMarkt - Lona PVC Gran Formato\" \/><div class=\"text\"><table><tr><td><h3 class=\"caption no_icon\" style=\"\">MEDIA MARKT\/ GR\u00c0FICA INTERCANVIABLE<\/h3><\/td><\/tr><\/table><table><tr><td><div class=\"desc\">Hem impr\u00e8s, tallat i lliurat tots els elements de publicitat per a nova campanya, lones exteriors, vinil de terra, display aeri, plafons de parets i cobreixalarmes.<\/div><\/td><\/tr><\/table><\/div><\/div>[\/vc_column][vc_column width=&#8221;1\/3&#8243;][vc_single_image image=&#8221;648&#8243; img_size=&#8221;full&#8221; alignment=&#8221;center&#8221; qode_css_animation=&#8221;&#8221;][\/vc_column][vc_column width=&#8221;1\/6&#8243;][vc_single_image image=&#8221;660&#8243; img_size=&#8221;full&#8221; alignment=&#8221;center&#8221; qode_css_animation=&#8221;&#8221;][\/vc_column][vc_column width=&#8221;1\/6&#8243;][vc_single_image image=&#8221;644&#8243; img_size=&#8221;full&#8221; alignment=&#8221;center&#8221; qode_css_animation=&#8221;&#8221;][\/vc_column][\/vc_row][vc_row css_animation=&#8221;&#8221; row_type=&#8221;row&#8221; use_row_as_full_screen_section=&#8221;no&#8221; type=&#8221;full_width&#8221; angled_section=&#8221;no&#8221; text_align=&#8221;left&#8221; background_image_as_pattern=&#8221;without_pattern&#8221; z_index=&#8221;&#8221; background_color=&#8221;#e6e6e6&#8243; el_class=&#8221;ejemplos&#8221;][vc_column width=&#8221;1\/3&#8243;]<div class=\"q_image_with_text_over\"><div class=\"shader\" style=\"background-color: rgba(24,157,152,0.5)\"><\/div><img decoding=\"async\" itemprop=\"image\" src=\"https:\/\/openprint.com\/wp-content\/uploads\/2020\/12\/Open-Print-Proyectos-Montibello-Impresion-Gran-Formato-2.jpg\" alt=\"Open Print - Proyectos - Montibello - Impresion Gran Formato 2\" \/><div class=\"text\"><table><tr><td><h3 class=\"caption no_icon\" style=\"\">MONTIBELLO\/ RETAIL M\u00c0RQUETING IN-STORE<\/h3><\/td><\/tr><\/table><table><tr><td><div class=\"desc\"><span style=\"font-weight: 400;\">Hem produ\u00efm i instal\u00b7lat in-store\u00a0la proposta visual de decoraci\u00f3 per a l&#8217;espai comercial de\u00a0Montibello\u00a0Beauty.<\/span><\/div><\/td><\/tr><\/table><\/div><\/div>[\/vc_column][vc_column width=&#8221;1\/3&#8243;][vc_single_image image=&#8221;1068&#8243; img_size=&#8221;full&#8221; alignment=&#8221;center&#8221; qode_css_animation=&#8221;&#8221;][\/vc_column][vc_column width=&#8221;1\/6&#8243;][vc_single_image image=&#8221;656&#8243; img_size=&#8221;full&#8221; alignment=&#8221;center&#8221; qode_css_animation=&#8221;&#8221;][\/vc_column][vc_column width=&#8221;1\/6&#8243;][vc_single_image image=&#8221;658&#8243; img_size=&#8221;full&#8221; alignment=&#8221;center&#8221; qode_css_animation=&#8221;&#8221;][\/vc_column][\/vc_row][vc_row css_animation=&#8221;&#8221; row_type=&#8221;row&#8221; use_row_as_full_screen_section=&#8221;no&#8221; type=&#8221;full_width&#8221; angled_section=&#8221;no&#8221; text_align=&#8221;left&#8221; background_image_as_pattern=&#8221;without_pattern&#8221; z_index=&#8221;&#8221; background_color=&#8221;#e6e6e6&#8243; el_class=&#8221;ejemplos&#8221;][vc_column width=&#8221;1\/3&#8243;]<div class=\"q_image_with_text_over q_iwto_hover\"><div class=\"shader\" style=\"background-color: rgba(24,157,152,0.5)\"><\/div><div class=\"shader_hover\" style=\"background-color: #ffffff\"><\/div><img decoding=\"async\" itemprop=\"image\" src=\"https:\/\/openprint.com\/wp-content\/uploads\/2020\/12\/Open-Print-Proyectos-Estebanell-Caja.jpg\" alt=\"Open Print - Proyectos - Estebanell - Caja\" \/><div class=\"text\"><table><tr><td><h3 class=\"caption no_icon\" style=\"\">ESTABANELL\/ BRANDING VISUAL 2020<\/h3><\/td><\/tr><\/table><table><tr><td><div class=\"desc\"><span style=\"font-weight: 400;\">S\u2019ha treballat conjuntament amb els consultors gr\u00e0fics la posada en escena del nou\u00a0br\u00e0nding\u00a0de la fam\u00edlia\u00a0Estabanell, produint al detall amb els materials triats.<\/span><\/div><\/td><\/tr><\/table><\/div><\/div>[\/vc_column][vc_column width=&#8221;1\/3&#8243;][vc_single_image image=&#8221;650&#8243; img_size=&#8221;full&#8221; alignment=&#8221;center&#8221; qode_css_animation=&#8221;&#8221;][\/vc_column][vc_column width=&#8221;1\/3&#8243;][vc_single_image image=&#8221;654&#8243; img_size=&#8221;full&#8221; alignment=&#8221;center&#8221; qode_css_animation=&#8221;&#8221;][\/vc_column][\/vc_row][vc_row css_animation=&#8221;&#8221; row_type=&#8221;row&#8221; use_row_as_full_screen_section=&#8221;no&#8221; type=&#8221;grid&#8221; angled_section=&#8221;no&#8221; text_align=&#8221;left&#8221; background_image_as_pattern=&#8221;without_pattern&#8221; z_index=&#8221;&#8221; background_color=&#8221;#e6e6e6&#8243;][vc_column][vc_empty_space height=&#8221;50px&#8221;][vc_column_text]<\/p>\n<h2 style=\"text-align: center;\">ALTRES PROJECTES<\/h2>\n<p>[\/vc_column_text][vc_empty_space height=&#8221;50px&#8221;][\/vc_column][\/vc_row][vc_row css_animation=&#8221;&#8221; row_type=&#8221;row&#8221; use_row_as_full_screen_section=&#8221;no&#8221; type=&#8221;full_width&#8221; angled_section=&#8221;no&#8221; text_align=&#8221;left&#8221; background_image_as_pattern=&#8221;without_pattern&#8221; z_index=&#8221;&#8221; background_color=&#8221;#e6e6e6&#8243; el_class=&#8221;ejemplos&#8221;][vc_column width=&#8221;1\/6&#8243;]<div class=\"q_image_with_text_over q_iwto_hover\"><div class=\"shader\" style=\"background-color: rgba(255,255,255,0.01)\"><\/div><div class=\"shader_hover\" style=\"background-color: #ffffff\"><\/div><img decoding=\"async\" itemprop=\"image\" src=\"https:\/\/openprint.com\/wp-content\/uploads\/2020\/11\/Open-Print-Proyectos-Suma-Supermercados.jpg\" alt=\"Suma Supermercados\" \/><div class=\"text\"><table><tr><td><h3 class=\"caption no_icon\" style=\"\"><\/h3><\/td><\/tr><\/table><table><tr><td><div class=\"desc\"><\/p>\n<h3>RETAIL. LLETRA CORP\u00d2RIA\/<\/h3>\n<p><em> Suma Supermercados<\/em><\/div><\/td><\/tr><\/table><\/div><\/div>[\/vc_column][vc_column width=&#8221;1\/6&#8243;]<div class=\"q_image_with_text_over q_iwto_hover\"><div class=\"shader\" style=\"background-color: rgba(255,255,255,0.01)\"><\/div><div class=\"shader_hover\" style=\"background-color: #ffffff\"><\/div><img decoding=\"async\" itemprop=\"image\" src=\"https:\/\/openprint.com\/wp-content\/uploads\/2020\/11\/Open-Print-Proyectos-Eco-Friendly.jpg\" alt=\"Open Print - Proyectos - Eco Friendly\" \/><div class=\"text\"><table><tr><td><h3 class=\"caption no_icon\" style=\"\"><\/h3><\/td><\/tr><\/table><table><tr><td><div class=\"desc\"><\/p>\n<h3>MOSTRARI ECO FRIENDLY\/<\/h3>\n<p><em>Open Print<\/em><\/div><\/td><\/tr><\/table><\/div><\/div>[\/vc_column][vc_column width=&#8221;1\/6&#8243;]<div class=\"q_image_with_text_over q_iwto_hover\"><div class=\"shader\" style=\"background-color: rgba(255,255,255,0.01)\"><\/div><div class=\"shader_hover\" style=\"background-color: #ffffff\"><\/div><img decoding=\"async\" itemprop=\"image\" src=\"https:\/\/openprint.com\/wp-content\/uploads\/2020\/11\/Open-Print-Proyectos-Estab.jpg\" alt=\"\"><div class=\"text\"><table><tr><td><h3 class=\"caption no_icon\" style=\"\"><\/h3><\/td><\/tr><\/table><table><tr><td><div class=\"desc\"><\/p>\n<h3>TOTE BAG. SERIGRAFIA\/<\/h3>\n<p><em> Estebanell<\/em><\/div><\/td><\/tr><\/table><\/div><\/div>[\/vc_column][vc_column width=&#8221;1\/6&#8243;]<div class=\"q_image_with_text_over q_iwto_hover\"><div class=\"shader\" style=\"background-color: rgba(255,255,255,0.01)\"><\/div><div class=\"shader_hover\" style=\"background-color: #ffffff\"><\/div><img decoding=\"async\" itemprop=\"image\" src=\"https:\/\/openprint.com\/wp-content\/uploads\/2020\/11\/Open-Print-Proyectos-Boletin-Instituto-de-Estudios-Catalanes.jpg\" alt=\"Open Print - Proyectos - Boletin Instituto de Estudios Catalanes\" \/><div class=\"text\"><table><tr><td><h3 class=\"caption no_icon\" style=\"\"><\/h3><\/td><\/tr><\/table><table><tr><td><div class=\"desc\"><\/p>\n<h3>IMPRESSI\u00d3 DIGITAL Y ENQUADERNAT R\u00d9STIC\/<\/h3>\n<p><em> Institut Estudis Catalans<\/em><\/div><\/td><\/tr><\/table><\/div><\/div>[\/vc_column][vc_column width=&#8221;1\/6&#8243;]<div class=\"q_image_with_text_over q_iwto_hover\"><div class=\"shader\" style=\"background-color: rgba(255,255,255,0.01)\"><\/div><div class=\"shader_hover\" style=\"background-color: #ffffff\"><\/div><img decoding=\"async\" itemprop=\"image\" src=\"https:\/\/openprint.com\/wp-content\/uploads\/2020\/11\/Open-Print-Proyectos-Banco-de-Sangre.jpg\" alt=\"Open Print - Proyectos - Banco de Sangre\" \/><div class=\"text\"><table><tr><td><h3 class=\"caption no_icon\" style=\"\"><\/h3><\/td><\/tr><\/table><table><tr><td><div class=\"desc\"><\/p>\n<h3>PAPERER\u00cdA CORPORATIVA, IMPRESSI\u00d3 DIGITAL, IMPRESSI\u00d3 OFFSET\/<\/h3>\n<p><em> Banc de Sang<\/em><\/div><\/td><\/tr><\/table><\/div><\/div>[\/vc_column][vc_column width=&#8221;1\/6&#8243;]<div class=\"q_image_with_text_over q_iwto_hover\"><div class=\"shader\" style=\"background-color: rgba(255,255,255,0.01)\"><\/div><div class=\"shader_hover\" style=\"background-color: #ffffff\"><\/div><img decoding=\"async\" itemprop=\"image\" src=\"https:\/\/openprint.com\/wp-content\/uploads\/2020\/11\/Open-Print-Proyectos-Mandalas-Etnicos.jpg\" alt=\"\"><div class=\"text\"><table><tr><td><h3 class=\"caption no_icon\" style=\"\"><\/h3><\/td><\/tr><\/table><table><tr><td><div class=\"desc\"><\/p>\n<h3>LLIBRES DE MANDALES \u00c9TNICOS. IMPRESSI\u00d3 DIGITAL, ENQUADERNAT R\u00daSTIC\/<\/h3>\n<p><em> MTM Ediciones<\/em><\/div><\/td><\/tr><\/table><\/div><\/div>[\/vc_column][\/vc_row][vc_row css_animation=&#8221;&#8221; row_type=&#8221;row&#8221; use_row_as_full_screen_section=&#8221;no&#8221; type=&#8221;full_width&#8221; angled_section=&#8221;no&#8221; text_align=&#8221;left&#8221; background_image_as_pattern=&#8221;without_pattern&#8221; z_index=&#8221;&#8221; background_color=&#8221;#e6e6e6&#8243; el_class=&#8221;ejemplos&#8221;][vc_column width=&#8221;1\/6&#8243;]<div class=\"q_image_with_text_over q_iwto_hover\"><div class=\"shader\" style=\"background-color: rgba(255,255,255,0.01)\"><\/div><div class=\"shader_hover\" style=\"background-color: rgba(255,255,255,0.5)\"><\/div><img decoding=\"async\" itemprop=\"image\" src=\"https:\/\/openprint.com\/wp-content\/uploads\/2020\/11\/Open-Print-Proyectos-TSC29.jpg\" alt=\"Open Print - Proyectos - TSC29\" \/><div class=\"text\"><table><tr><td><h3 class=\"caption no_icon\" style=\"\"><\/h3><\/td><\/tr><\/table><table><tr><td><div class=\"desc\"><\/p>\n<h3>IMPRESSI\u00d3 DIGITAL I ENQUADERNAT R\u00daSTIC\/<\/h3>\n<p><em>Institut Estudis Catalans<\/em><\/div><\/td><\/tr><\/table><\/div><\/div>[\/vc_column][vc_column width=&#8221;1\/6&#8243;]<div class=\"q_image_with_text_over q_iwto_hover\"><div class=\"shader\" style=\"background-color: rgba(255,255,255,0.01)\"><\/div><div class=\"shader_hover\" style=\"background-color: #ffffff\"><\/div><img decoding=\"async\" itemprop=\"image\" src=\"https:\/\/openprint.com\/wp-content\/uploads\/2020\/11\/Open-Print-Proyectos-MediaMarkt-Vinilo-Rotulacion-Vehiculos.jpg\" alt=\"Open Print - Proyectos - MediaMarkt - Vinilo Rotulacion Vehiculos\" \/><div class=\"text\"><table><tr><td><h3 class=\"caption no_icon\" style=\"\"><\/h3><\/td><\/tr><\/table><table><tr><td><div class=\"desc\"><\/p>\n<h3>VINILAT INTEGRAL DE VEHICLE\/<\/h3>\n<p><em> Motor Home<\/em><\/div><\/td><\/tr><\/table><\/div><\/div>[\/vc_column][vc_column width=&#8221;1\/6&#8243;]<div class=\"q_image_with_text_over q_iwto_hover\"><div class=\"shader\" style=\"background-color: rgba(255,255,255,0.01)\"><\/div><div class=\"shader_hover\" style=\"background-color: #ffffff\"><\/div><img decoding=\"async\" itemprop=\"image\" src=\"https:\/\/openprint.com\/wp-content\/uploads\/2020\/11\/Open-Print-Proyectos-MediaMarkt-Golder.jpg\" alt=\"Open Print - Proyectos - MediaMarkt - Golder\" \/><div class=\"text\"><table><tr><td><h3 class=\"caption no_icon\" style=\"\"><\/h3><\/td><\/tr><\/table><table><tr><td><div class=\"desc\"><\/p>\n<h3>PHOTOCALL I VINILS PER A ESDEDVENIMENT\/<\/h3>\n<p><em> GOLDER<\/em><\/div><\/td><\/tr><\/table><\/div><\/div>[\/vc_column][vc_column width=&#8221;1\/6&#8243;]<div class=\"q_image_with_text_over q_iwto_hover\"><div class=\"shader\" style=\"background-color: rgba(255,255,255,0.01)\"><\/div><div class=\"shader_hover\" style=\"background-color: #ffffff\"><\/div><img decoding=\"async\" itemprop=\"image\" src=\"https:\/\/openprint.com\/wp-content\/uploads\/2020\/11\/Open-Print-Proyectos-Dragon.jpg\" alt=\"Open Print - Proyectos - Dragon\" \/><div class=\"text\"><table><tr><td><h3 class=\"caption no_icon\" style=\"\"><\/h3><\/td><\/tr><\/table><table><tr><td><div class=\"desc\"><\/p>\n<h3>MATERIAL PROMOCIONAL\/<\/h3>\n<p><em> Open Print<\/em><\/div><\/td><\/tr><\/table><\/div><\/div>[\/vc_column][vc_column width=&#8221;1\/6&#8243;]<div class=\"q_image_with_text_over q_iwto_hover\"><div class=\"shader\" style=\"background-color: rgba(255,255,255,0.01)\"><\/div><div class=\"shader_hover\" style=\"background-color: #ffffff\"><\/div><img decoding=\"async\" itemprop=\"image\" src=\"https:\/\/openprint.com\/wp-content\/uploads\/2020\/11\/Open-Print-Proyectos-Banco-de-Sangre-2.jpg\" alt=\"Open Print - Proyectos - Banco de Sangre 2\" \/><div class=\"text\"><table><tr><td><h3 class=\"caption no_icon\" style=\"\"><\/h3><\/td><\/tr><\/table><table><tr><td><div class=\"desc\"><\/p>\n<h3>TR\u00cdPTIC, IMPRESSI\u00d3 OFFSET\/<\/h3>\n<p><em> Banc de Sang<\/em><\/div><\/td><\/tr><\/table><\/div><\/div>[\/vc_column][vc_column width=&#8221;1\/6&#8243;]<div class=\"q_image_with_text_over q_iwto_hover\"><div class=\"shader\" style=\"background-color: rgba(255,255,255,0.01)\"><\/div><div class=\"shader_hover\" style=\"background-color: rgba(24,157,152,0.5)\"><\/div><img decoding=\"async\" itemprop=\"image\" src=\"https:\/\/openprint.com\/wp-content\/uploads\/2020\/11\/Open-Print-Proyectos-El-Principito.jpg\" alt=\"Open Print - Proyectos - El Principito\" \/><div class=\"text\"><table><tr><td><h3 class=\"caption no_icon\" style=\"\"><\/h3><\/td><\/tr><\/table><table><tr><td><div class=\"desc\"><\/p>\n<h3>CAJA OFFSET\/<\/h3>\n<p><em> El Principito<\/em><\/div><\/td><\/tr><\/table><\/div><\/div>[\/vc_column][\/vc_row]<\/p>\n<\/div>","protected":false},"excerpt":{"rendered":"<p>[vc_row css_animation=&#8221;&#8221; row_type=&#8221;row&#8221; use_row_as_full_screen_section=&#8221;no&#8221; type=&#8221;grid&#8221; angled_section=&#8221;no&#8221; text_align=&#8221;left&#8221; background_image_as_pattern=&#8221;without_pattern&#8221; el_id=&#8221;cabecera&#8221; z_index=&#8221;&#8221; background_image=&#8221;2414&#8243;][vc_column][vc_column_text] PROJECTES [\/vc_column_text][vc_single_image image=&#8221;1039&#8243; img_size=&#8221;full&#8221; alignment=&#8221;center&#8221; onclick=&#8221;custom_link&#8221; qode_css_animation=&#8221;&#8221; link=&#8221;\/ca\/contacte\/&#8221;][\/vc_column][\/vc_row][vc_row css_animation=&#8221;&#8221; row_type=&#8221;row&#8221; use_row_as_full_screen_section=&#8221;no&#8221; type=&#8221;full_width&#8221; angled_section=&#8221;no&#8221; text_align=&#8221;left&#8221; background_image_as_pattern=&#8221;without_pattern&#8221; z_index=&#8221;&#8221; background_color=&#8221;#e6e6e6&#8243; el_class=&#8221;ejemplos&#8221;][vc_column width=&#8221;1\/3&#8243;][\/vc_column][vc_column width=&#8221;1\/3&#8243;][vc_single_image image=&#8221;648&#8243; img_size=&#8221;full&#8221; alignment=&#8221;center&#8221; qode_css_animation=&#8221;&#8221;][\/vc_column][vc_column width=&#8221;1\/6&#8243;][vc_single_image image=&#8221;660&#8243; img_size=&#8221;full&#8221; alignment=&#8221;center&#8221; qode_css_animation=&#8221;&#8221;][\/vc_column][vc_column width=&#8221;1\/6&#8243;][vc_single_image image=&#8221;644&#8243; img_size=&#8221;full&#8221; alignment=&#8221;center&#8221; qode_css_animation=&#8221;&#8221;][\/vc_column][\/vc_row][vc_row&#8230;<\/p>\n","protected":false},"author":1,"featured_media":0,"parent":0,"menu_order":0,"comment_status":"closed","ping_status":"closed","template":"full_width.php","meta":{"footnotes":""},"class_list":["post-1072","page","type-page","status-publish","hentry"],"_links":{"self":[{"href":"https:\/\/openprint.com\/ca\/wp-json\/wp\/v2\/pages\/1072","targetHints":{"allow":["GET"]}}],"collection":[{"href":"https:\/\/openprint.com\/ca\/wp-json\/wp\/v2\/pages"}],"about":[{"href":"https:\/\/openprint.com\/ca\/wp-json\/wp\/v2\/types\/page"}],"author":[{"embeddable":true,"href":"https:\/\/openprint.com\/ca\/wp-json\/wp\/v2\/users\/1"}],"replies":[{"embeddable":true,"href":"https:\/\/openprint.com\/ca\/wp-json\/wp\/v2\/comments?post=1072"}],"version-history":[{"count":0,"href":"https:\/\/openprint.com\/ca\/wp-json\/wp\/v2\/pages\/1072\/revisions"}],"wp:attachment":[{"href":"https:\/\/openprint.com\/ca\/wp-json\/wp\/v2\/media?parent=1072"}],"curies":[{"name":"wp","href":"https:\/\/api.w.org\/{rel}","templated":true}]}}