{"id":1201,"date":"2020-12-03T01:10:17","date_gmt":"2020-12-03T00:10:17","guid":{"rendered":"https:\/\/openprint.com\/politica-privacidad\/"},"modified":"2021-07-07T18:15:31","modified_gmt":"2021-07-07T16:15:31","slug":"politica-privacidad","status":"publish","type":"page","link":"https:\/\/openprint.com\/ca\/politica-privacidad\/","title":{"rendered":"Pol\u00edtica de Privacidad"},"content":{"rendered":"<div class=\"wpb-content-wrapper\"><p>[vc_row css_animation=&#8221;&#8221; row_type=&#8221;row&#8221; use_row_as_full_screen_section=&#8221;no&#8221; type=&#8221;grid&#8221; angled_section=&#8221;no&#8221; text_align=&#8221;left&#8221; background_image_as_pattern=&#8221;without_pattern&#8221; z_index=&#8221;&#8221; background_image=&#8221;2440&#8243; el_id=&#8221;cabecera&#8221;][vc_column][vc_column_text el_class=&#8221;brand&#8221;]<\/p>\n<h1 style=\"text-align: center;\">POL\u00cdTICA DE PRIVACIDAD<\/h1>\n<p>[\/vc_column_text][\/vc_column][\/vc_row][vc_row css_animation=&#8221;&#8221; row_type=&#8221;row&#8221; use_row_as_full_screen_section=&#8221;no&#8221; type=&#8221;grid&#8221; angled_section=&#8221;no&#8221; text_align=&#8221;left&#8221; background_image_as_pattern=&#8221;without_pattern&#8221; z_index=&#8221;&#8221;][vc_column][vc_empty_space height=&#8221;50px&#8221; el_class=&#8221;adaptable&#8221;][vc_column_text]<\/p>\n<h2>1. Informaci\u00f3n General<\/h2>\n<p>La presente &#8220;Pol\u00edtica de Privacidad y Protecci\u00f3n de Datos&#8221; tiene como finalidad dar a conocer las condiciones que rigen la recogida y tratamiento de sus datos personales por parte de nuestra entidad o grupo corporativo para velar por los derechos fundamentales, su honor y libertades, todo ello en cumplimiento de las normativas vigentes que regulan la Protecci\u00f3n de Datos personales seg\u00fan la Uni\u00f3n Europea y el Estado Miembro espa\u00f1ol.<\/p>\n<p>En conformidad con dichas normativas, necesitamos disponer de su autorizaci\u00f3n y consentimiento para la recogida y el tratamiento de sus datos personales, por lo que a continuaci\u00f3n, le indicamos todos los detalles de su inter\u00e9s respecto a c\u00f3mo realizamos estos procesos, con qu\u00e9 finalidades, que otras entidades podr\u00edan tener acceso a sus datos y cu\u00e1les son sus derechos.<\/p>\n<p>Por todo lo expuesto, una vez revisada y le\u00edda nuestra Pol\u00edtica de Protecci\u00f3n de Datos, es imprescindible que la acepte en prueba de su conformidad y consentimiento.<\/p>\n<h2>2.- Responsable del Tratamiento<\/h2>\n<h3>\u00bfQui\u00e9n recaba y trata sus datos?<\/h3>\n<p>El Responsable del Tratamiento de Datos es aquella persona f\u00edsica o jur\u00eddica, de naturaleza p\u00fablica o privada, u \u00f3rgano administrativo, que solo o conjuntamente con otros determine los fines y medios del tratamiento de datos personales; en caso de que los fines y\u00a0medios del tratamiento est\u00e9n determinados por el Derecho de la Uni\u00f3n Europea o del Estado Miembro espa\u00f1ol.<\/p>\n<p>En este caso, nuestros datos identificativos como Responsable del Tratamiento son los siguientes:<\/p>\n<p>Open Print S.L. &#8211; NIF\/DNI B-64835937<\/p>\n<h3>\u00bfC\u00f3mo puede contactar con nosotros?<\/h3>\n<p><strong>Domicilio de nuestras oficinas:<\/strong><br \/>\nAV. LLENGUADOC 25. 8915, BADALONA (Barcelona), Espa\u00f1a<\/p>\n<p><strong>Email:<\/strong> INFO@OPENPRINT.COM<\/p>\n<p><strong>Tel\u00e9fono:<\/strong> 932406067<\/p>\n<p><strong>Domicilio postal:<\/strong><br \/>\nAV. LLENGUADOC 25. 8915, BADALONA (Barcelona), Espa\u00f1a<\/p>\n<h3>\u00bfQui\u00e9n puede ayudarte con nuestra Pol\u00edtica de Protecci\u00f3n de Datos?<\/h3>\n<p>Disponemos de una persona o entidad especializada en protecci\u00f3n de datos, que es la encargada de velar por el correcto cumplimiento en nuestra entidad de la legislaci\u00f3n y normativas vigentes. Esta persona recibe el nombre de Delegado de Protecci\u00f3n de Datos (DPO) o Responsable de Protecci\u00f3n de Datos y, si lo necesita, puede contactar con \u00e9l de la siguiente forma:<\/p>\n<p>Open Print S.L. &#8211; NIF\/DNI B-64835937<br \/>\n<strong>Email:<\/strong> <a href=\"mailto:info@openprint.com\">info@openprint.com<\/a><br \/>\n<strong>Tel\u00e9fono:<\/strong> 932406067<\/p>\n<h2>3. Medidas de Seguridad<\/h2>\n<h3>\u00bfQu\u00e9 hacemos para garantizar la privacidad de sus datos?<\/h3>\n<p>Nuestra entidad o grupo corporativo adopta las medidas organizativas y t\u00e9cnicas necesarias para garantizar la seguridad y la privacidad de sus datos, evitar su alteraci\u00f3n, p\u00e9rdida, tratamiento o acceso no autorizado, dependiendo del estado de la tecnolog\u00eda, la naturaleza de los datos almacenado y los riesgos a que est\u00e1n expuestos.<\/p>\n<p>Entre otras, destacan las siguientes medidas:<\/p>\n<ul>\n<li>Garantizar la confidencialidad, integridad, disponibilidad y resiliencia permanentes de los sistemas y servicios de tratamiento.<\/li>\n<li>Restaurar la disponibilidad y el acceso a los datos personales de forma r\u00e1pida, en caso de incidente f\u00edsico o t\u00e9cnico.<\/li>\n<li>Verificar, evaluar y valorar, de forma regular, la eficacia de las medidas t\u00e9cnicas y organizativas implementadas para garantizar la seguridad del tratamiento.<\/li>\n<li>Seudonimizar y cifrar los datos personales, en caso de que se trate de datos sensibles.<\/li>\n<\/ul>\n<h2>4. Finalidad del Tratamiento<\/h2>\n<h3>\u00bfPara qu\u00e9 queremos tratar sus datos?<\/h3>\n<p>Necesitamos su autorizaci\u00f3n y consentimiento para recabar y tratar sus datos personales, por lo que a continuaci\u00f3n le detallamos los usos y finalidades previstas.<\/p>\n<h3>\u00bfDurante cu\u00e1nto tiempo conservamos sus datos?<\/h3>\n<p>Utilizamos sus datos durante el tiempo estrictamente necesario para cumplir las finalidades indicadas anteriormente. Salvo que exista\u00a0una obligaci\u00f3n o requerimiento legal, los plazos de conservaci\u00f3n previstos son:<\/p>\n<h2>5. Legitimaci\u00f3n del Tratamiento<\/h2>\n<h3>\u00bfPor qu\u00e9 tratamos sus datos?<\/h3>\n<p>La recogida y el tratamiento de sus datos est\u00e1 legitimado siempre por una o varias bases jur\u00eddicas, las cuales detallamos a<br \/>\ncontinuaci\u00f3n:<\/p>\n<h2>6.- DESTINATARIOS DE SUS DATOS<\/h2>\n<h3>\u00bfA qui\u00e9nes cedemos sus datos dentro de la Uni\u00f3n Europea?<\/h3>\n<p>No realizamos cesiones de sus datos a terceras personas ni entidades, salvo obligaci\u00f3n legal.<\/p>\n<h3>\u00bfRealizamos Transferencias Internacionales de sus datos fuera de la Uni\u00f3n Europea?<\/h3>\n<p>No realizamos transferencias internacionales de sus datos<\/p>\n<h2>7.- Procedencia y Tipos de Datos Tratados<\/h2>\n<h3>\u00bfDe d\u00f3nde hemos obtenido sus datos?<\/h3>\n<h3>\u00bfQu\u00e9 tipos de datos suyos hemos recabado y tratamos?<\/h3>\n<h2>8. Derechos de los interesados<\/h2>\n<h3>\u00bfCu\u00e1les son los derechos que le amparan?<\/h3>\n<p>La normativa vigente de protecci\u00f3n de datos le ampara en una serie de derechos en relaci\u00f3n al uso que le damos a sus datos. Todos y cada uno de sus derechos son unipersonales e intransferibles, es decir, que \u00fanicamente pueden ser realizados por el titular de los datos, previa comprobaci\u00f3n de su identidad.<\/p>\n<p>A continuaci\u00f3n, le indicamos cuales son los derechos que le asisten:<\/p>\n<ul>\n<li>Solicitar el ACCESO a sus datos personales.<\/li>\n<li>Solicitar la RECTIFICACION de sus datos.<\/li>\n<li>Solicitar la SUPRESI\u00d3N o eliminaci\u00f3n de sus datos (derecho al &#8220;olvido&#8221;).<\/li>\n<li>LIMITAR u OPONERSE al uso que le damos a sus datos.<\/li>\n<li>Derecho a la PORTABILIDAD de sus datos para casos de servicios de telecomunicaciones o internet.<\/li>\n<li>Derecho a RETIRAR su consentimiento en cualquier momento.<\/li>\n<li>Derecho a presentar una RECLAMACI\u00d3N en materia de protecci\u00f3n de datos ante la Autoridad de Control: Agencia Espa\u00f1ola de Protecci\u00f3n de Datos.<\/li>\n<\/ul>\n<h3>\u00bfC\u00f3mo puede ejercer sus derechos en relaci\u00f3n a sus datos?<\/h3>\n<p>Para el ejercicio de sus derechos de acceso, rectificaci\u00f3n, supresi\u00f3n, limitaci\u00f3n u oposici\u00f3n, portabilidad y retirada de su consentimiento, puede hacerlo de la siguiente forma:<\/p>\n<h3>\u00bfC\u00f3mo puede presentar una reclamaci\u00f3n?<\/h3>\n<p>Adem\u00e1s de los derechos que le asisten, si cree que sus datos no se est\u00e1n recabando o tratando conforme a la normativa vigente de Protecci\u00f3n de Datos, usted podr\u00e1 realizar una reclamaci\u00f3n ante la Autoridad de Control, cuyos datos de contacto indicamos a continuaci\u00f3n:<\/p>\n<p style=\"text-align: center;\"><strong>Agencia Espa\u00f1ola de Protecci\u00f3n de Datos<\/strong><br \/>\nC\/. Jorge Juan, 6. 28001, Madrid (Madrid), Espa\u00f1a<br \/>\nEmail: info@aepd.es &#8211; Tel\u00e9fono: 912663517<br \/>\nWeb: https:\/\/www.aepd.es<\/p>\n<h2>9. Consentimiento y Aceptaci\u00f3n<\/h2>\n<p>La aceptaci\u00f3n del presente documento indica que usted entiende, acepta todas las cl\u00e1usulas de nuestra pol\u00edtica de privacidad por lo que autoriza la recogida y el tratamiento de sus datos personales en estos t\u00e9rminos. Esta aceptaci\u00f3n se realiza mediante la activaci\u00f3n de la casilla de verificaci\u00f3n de &#8220;Lectura y Aceptaci\u00f3n&#8221; de nuestra Pol\u00edtica de Privacidad.[\/vc_column_text][vc_empty_space height=&#8221;50px&#8221; el_class=&#8221;adaptable&#8221;][\/vc_column][\/vc_row]<\/p>\n<\/div>","protected":false},"excerpt":{"rendered":"<p>[vc_row css_animation=&#8221;&#8221; row_type=&#8221;row&#8221; use_row_as_full_screen_section=&#8221;no&#8221; type=&#8221;grid&#8221; angled_section=&#8221;no&#8221; text_align=&#8221;left&#8221; background_image_as_pattern=&#8221;without_pattern&#8221; z_index=&#8221;&#8221; background_image=&#8221;2440&#8243; el_id=&#8221;cabecera&#8221;][vc_column][vc_column_text el_class=&#8221;brand&#8221;] POL\u00cdTICA DE PRIVACIDAD [\/vc_column_text][\/vc_column][\/vc_row][vc_row css_animation=&#8221;&#8221; row_type=&#8221;row&#8221; use_row_as_full_screen_section=&#8221;no&#8221; type=&#8221;grid&#8221; angled_section=&#8221;no&#8221; text_align=&#8221;left&#8221; background_image_as_pattern=&#8221;without_pattern&#8221; z_index=&#8221;&#8221;][vc_column][vc_empty_space height=&#8221;50px&#8221; el_class=&#8221;adaptable&#8221;][vc_column_text] 1. Informaci\u00f3n General La presente &#8220;Pol\u00edtica de Privacidad y Protecci\u00f3n de Datos&#8221; tiene como finalidad dar a conocer las&#8230;<\/p>\n","protected":false},"author":1,"featured_media":0,"parent":0,"menu_order":0,"comment_status":"closed","ping_status":"closed","template":"full_width.php","meta":{"footnotes":""},"class_list":["post-1201","page","type-page","status-publish","hentry"],"_links":{"self":[{"href":"https:\/\/openprint.com\/ca\/wp-json\/wp\/v2\/pages\/1201","targetHints":{"allow":["GET"]}}],"collection":[{"href":"https:\/\/openprint.com\/ca\/wp-json\/wp\/v2\/pages"}],"about":[{"href":"https:\/\/openprint.com\/ca\/wp-json\/wp\/v2\/types\/page"}],"author":[{"embeddable":true,"href":"https:\/\/openprint.com\/ca\/wp-json\/wp\/v2\/users\/1"}],"replies":[{"embeddable":true,"href":"https:\/\/openprint.com\/ca\/wp-json\/wp\/v2\/comments?post=1201"}],"version-history":[{"count":0,"href":"https:\/\/openprint.com\/ca\/wp-json\/wp\/v2\/pages\/1201\/revisions"}],"wp:attachment":[{"href":"https:\/\/openprint.com\/ca\/wp-json\/wp\/v2\/media?parent=1201"}],"curies":[{"name":"wp","href":"https:\/\/api.w.org\/{rel}","templated":true}]}}