{"id":2028,"date":"2021-06-26T22:57:04","date_gmt":"2021-06-26T20:57:04","guid":{"rendered":"https:\/\/openprint.com\/?page_id=2028"},"modified":"2021-07-22T14:34:40","modified_gmt":"2021-07-22T12:34:40","slug":"inicio-2","status":"publish","type":"page","link":"https:\/\/openprint.com\/ca\/","title":{"rendered":"Inici"},"content":{"rendered":"<div class=\"wpb-content-wrapper\"><p>[vc_row css_animation=&#8221;&#8221; row_type=&#8221;row&#8221; use_row_as_full_screen_section=&#8221;no&#8221; type=&#8221;grid&#8221; angled_section=&#8221;no&#8221; text_align=&#8221;left&#8221; video=&#8221;show_video&#8221; video_overlay=&#8221;show_video_overlay&#8221; background_image_as_pattern=&#8221;without_pattern&#8221; z_index=&#8221;&#8221; background_image=&#8221;413&#8243; video_mp4=&#8221;https:\/\/openprint.com\/wp-content\/uploads\/2020\/12\/Video.mp4&#8243; el_id=&#8221;cabecera&#8221;][vc_column][vc_column_text]<\/p>\n<h1><strong>OPEN PRINT<\/strong><\/h1>\n<p>[\/vc_column_text][vc_single_image image=&#8221;2859&#8243; img_size=&#8221;full&#8221; onclick=&#8221;custom_link&#8221; qode_css_animation=&#8221;&#8221; link=&#8221;\/ca\/contacte\/&#8221;][\/vc_column][\/vc_row][vc_row css_animation=&#8221;&#8221; row_type=&#8221;row&#8221; use_row_as_full_screen_section=&#8221;no&#8221; type=&#8221;grid&#8221; angled_section=&#8221;no&#8221; text_align=&#8221;left&#8221; background_image_as_pattern=&#8221;without_pattern&#8221; el_id=&#8221;especialistas&#8221; z_index=&#8221;&#8221;][vc_column][vc_column_text]<\/p>\n<h2>ESPECIALISTES EN IMPRESSIONS GR\u00c0FIQUES<\/h2>\n<p>[\/vc_column_text][vc_column_text el_class=&#8221;destacado&#8221;]<strong>A Open Print t\u2019ajudem a donar vida als teus projectes d\u2019impressi\u00f3 gr\u00e0fica amb el millor servei integral de br\u00e0nding visual.<\/strong><\/p>\n<p>Descobreix totes les possibilitats de la impressi\u00f3 digital, offset i gran format, assegurat que la teva inversi\u00f3 \u00e9s rendible.[\/vc_column_text][vc_row_inner row_type=&#8221;row&#8221; type=&#8221;full_width&#8221; text_align=&#8221;left&#8221; css_animation=&#8221;&#8221;][vc_column_inner el_class=&#8221;col1&#8243; width=&#8221;1\/3&#8243;][vc_single_image image=&#8221;698&#8243; img_size=&#8221;200&#215;200&#8243; alignment=&#8221;center&#8221; qode_css_animation=&#8221;&#8221;][vc_column_text]<\/p>\n<h3>IMPRESSI\u00d3 GRAN FORMAT<\/h3>\n<p>[\/vc_column_text][vc_column_text]Des de la impressi\u00f3 del gran format fins a la seva total instal\u00b7laci\u00f3, nosaltres ens encarreguem de tot per a garantir l\u2019\u00e8xit de la teva campanya de m\u00e0rqueting. Tu ens dius qu\u00e8 necessites comunicar i de quin espai disposes i nosaltres t\u2019oferim la millor soluci\u00f3 perqu\u00e8 no hagis de preocupar-te de res.[\/vc_column_text]<a  itemprop=\"url\" href=\"https:\/\/openprint.com\/ca\/impressio-gran-format\/\" target=\"_self\" data-hover-background-color=\"#189d98\" data-hover-border-color=\"#189d98\" data-hover-color=\"#ffffff\" class=\"qbutton  center white default\" style=\"color: #189d98; border-color: #189d98; border-radius: 20px;-moz-border-radius: 20px;-webkit-border-radius: 20px; background-color:#ffffff;\">MES INFORMACI\u00d3<\/a>[\/vc_column_inner][vc_column_inner el_class=&#8221;col2&#8243; width=&#8221;1\/3&#8243;][vc_single_image image=&#8221;868&#8243; img_size=&#8221;200&#215;200&#8243; alignment=&#8221;center&#8221; qode_css_animation=&#8221;&#8221;][vc_column_text]<\/p>\n<h3 class=\"vc_empty_space\">IMPRESSI\u00d3 DIGITAL<\/h3>\n<div class=\"vc_empty_space\"><\/div>\n<p>[\/vc_column_text][vc_column_text]Comunica amb petits tiratges amb la millor qualitat. Open Print posa a la teva disposici\u00f3 un ventall de possibilitats d\u2019impressi\u00f3 digital per a transmetre all\u00f2 que cerques aconseguint el millor impacte.\u00a0A m\u00e9s del nostre servei d\u2019impressi\u00f3 digital, produ\u00efm tota mena de llibres i revistes, incloent-hi una \u00e0mplia gamma en enquadernaci\u00f3 i acabats d\u2019impressi\u00f3.[\/vc_column_text]<a  itemprop=\"url\" href=\"https:\/\/openprint.com\/ca\/impressio-digital\/\" target=\"_self\" data-hover-background-color=\"#189d98\" data-hover-border-color=\"#189d98\" data-hover-color=\"#ffffff\" class=\"qbutton  center white default\" style=\"color: #189d98; border-color: #189d98; border-radius: 20px;-moz-border-radius: 20px;-webkit-border-radius: 20px; background-color:#ffffff;\">MES INFORMACI\u00d3<\/a>[\/vc_column_inner][vc_column_inner el_class=&#8221;col3&#8243; width=&#8221;1\/3&#8243;][vc_single_image image=&#8221;696&#8243; img_size=&#8221;200&#215;200&#8243; alignment=&#8221;center&#8221; qode_css_animation=&#8221;&#8221;][vc_column_text]<\/p>\n<h3>IMPRESSI\u00d3 OFFSET<\/h3>\n<p>[\/vc_column_text][vc_column_text]Les teves produccions d\u2019impressi\u00f3 offset amb Open Print. Realitzem tirades di\u00e0ries amb lliuraments programats per a garantir la distribuci\u00f3 en qualsevol punt.[\/vc_column_text]<a  itemprop=\"url\" href=\"https:\/\/openprint.com\/ca\/impressio-offset\/\" target=\"_self\" data-hover-background-color=\"#189d98\" data-hover-border-color=\"#189d98\" data-hover-color=\"#ffffff\" class=\"qbutton  center default\" style=\"color: #189d98; border-color: #189d98; border-radius: 20px;-moz-border-radius: 20px;-webkit-border-radius: 20px; background-color:#ffffff;\">MES INFORMACI\u00d3<\/a>[\/vc_column_inner][\/vc_row_inner][\/vc_column][\/vc_row][vc_row css_animation=&#8221;&#8221; row_type=&#8221;row&#8221; use_row_as_full_screen_section=&#8221;no&#8221; type=&#8221;full_width&#8221; angled_section=&#8221;no&#8221; text_align=&#8221;left&#8221; background_image_as_pattern=&#8221;without_pattern&#8221; z_index=&#8221;&#8221; el_id=&#8221;integrales&#8221;][vc_column width=&#8221;1\/2&#8243;][vc_single_image image=&#8221;2071&#8243; img_size=&#8221;full&#8221; qode_css_animation=&#8221;&#8221;][\/vc_column][vc_column width=&#8221;4\/12&#8243;][vc_column_text]<\/p>\n<h2>SERVEIS INTEGRALS D\u2019IMPRESSI\u00d3<\/h2>\n<p>[\/vc_column_text][vc_column_text]Anem m\u00e9s enll\u00e0 de les arts gr\u00e0fiques, oferint serveis professionals d\u2019impressi\u00f3 que van des de l\u2019assessorament en producci\u00f3 gr\u00e0fica i l\u2019estudi t\u00e8cnic d\u2019espais, fins a la instal\u00b7laci\u00f3 completa de suports d\u2019impressi\u00f3 de gran format.<\/p>\n<p>Som especialistes en impressi\u00f3 de gran format, digital i offset. Open Print t\u2019ajuda a desenvolupar les campanyes de retail m\u00e0rqueting i br\u00e0nding visual de la teva empresa.<\/p>\n<p>A m\u00e9s, comptem amb una llarga experi\u00e8ncia en el desenvolupament d\u2019impressions gr\u00e0fiques per a esdeveniments i fires.[\/vc_column_text][vc_column_text el_class=&#8221;destacado&#8221;]<strong>Deixa\u2019ns produir-te bona impressi\u00f3!<\/strong>[\/vc_column_text][\/vc_column][vc_column width=&#8221;2\/12&#8243;][\/vc_column][\/vc_row][vc_row css_animation=&#8221;&#8221; row_type=&#8221;row&#8221; use_row_as_full_screen_section=&#8221;no&#8221; type=&#8221;full_width&#8221; angled_section=&#8221;no&#8221; text_align=&#8221;left&#8221; background_image_as_pattern=&#8221;without_pattern&#8221; el_id=&#8221;impresion&#8221; z_index=&#8221;&#8221;][vc_column][vc_column_text]<\/p>\n<h2>M\u00c9S ENLL\u00c0 DE LA IMPRESSI\u00d3<\/h2>\n<p>[\/vc_column_text][vc_row_inner row_type=&#8221;row&#8221; type=&#8221;full_width&#8221; text_align=&#8221;left&#8221; css_animation=&#8221;&#8221;][vc_column_inner el_class=&#8221;col1&#8243; width=&#8221;1\/3&#8243;][vc_single_image image=&#8221;2048&#8243; img_size=&#8221;full&#8221; alignment=&#8221;center&#8221; qode_css_animation=&#8221;&#8221;][vc_column_text]<\/p>\n<h3>IMPRESSI\u00d3 GRAN FORMAT<\/h3>\n<p>[\/vc_column_text][vc_column_text]Un m\u00f3n de possibilitats per a la teva imatge[\/vc_column_text][\/vc_column_inner][vc_column_inner el_class=&#8221;col2&#8243; width=&#8221;1\/3&#8243;][vc_single_image image=&#8221;2042&#8243; img_size=&#8221;full&#8221; alignment=&#8221;center&#8221; qode_css_animation=&#8221;&#8221;][vc_column_text]<\/p>\n<h3 class=\"vc_empty_space\">IMPRESSI\u00d3 DIGITAL<\/h3>\n<div class=\"vc_empty_space\"><\/div>\n<p>[\/vc_column_text][vc_column_text]Rapidesa i versatilitat[\/vc_column_text][\/vc_column_inner][vc_column_inner el_class=&#8221;col3&#8243; width=&#8221;1\/3&#8243;][vc_single_image image=&#8221;2045&#8243; img_size=&#8221;full&#8221; alignment=&#8221;center&#8221; qode_css_animation=&#8221;&#8221;][vc_column_text]<\/p>\n<h3>IMPRESSI\u00d3 OFFSET<\/h3>\n<p>[\/vc_column_text][vc_column_text]Qualitat a l&#8217;detall[\/vc_column_text][\/vc_column_inner][\/vc_row_inner][\/vc_column][\/vc_row][vc_row css_animation=&#8221;&#8221; row_type=&#8221;row&#8221; use_row_as_full_screen_section=&#8221;no&#8221; type=&#8221;grid&#8221; angled_section=&#8221;no&#8221; text_align=&#8221;left&#8221; background_image_as_pattern=&#8221;without_pattern&#8221; el_id=&#8221;ecoprint&#8221; z_index=&#8221;&#8221;][vc_column width=&#8221;1\/2&#8243;][vc_single_image image=&#8221;2094&#8243; img_size=&#8221;full&#8221; alignment=&#8221;center&#8221; qode_css_animation=&#8221;&#8221;][\/vc_column][vc_column width=&#8221;1\/2&#8243;][vc_column_text el_class=&#8221;destacado&#8221;]ECO PRINT[\/vc_column_text][vc_column_text]<\/p>\n<h2>SERVEIS D\u2019IMPRESSI\u00d3 GR\u00c0FICA SOSTENIBLE<\/h2>\n<p>[\/vc_column_text][vc_column_text]<strong>Open Print<\/strong> col\u00b7labora amb la sostenibilitat aplicant criteris mesurables com la inversi\u00f3 en tecnologia d\u2019impressi\u00f3 eco-friendly i garantint el tractament respectu\u00f3s dels recursos a trav\u00e9s de l\u2019obtenci\u00f3 de certificats sostenibles en l\u2019\u00e0mbit internacional.[\/vc_column_text][qode_elements_holder number_of_columns=&#8221;two_columns&#8221; columns_proportion=&#8221;66_33&#8243;][qode_elements_holder_item vertical_alignment=&#8221;top&#8221; advanced_animations=&#8221;no&#8221;]<div class=\"q_icon_list\"><i class=\"qode_icon_font_awesome fa fa-circle qode-ili-icon-holder transparent\" style=\"color: #9fc282;\" ><\/i><p style=\"color:#9fc282;font-size: 18px;font-weight: 500;margin-bottom: 20px;\">Suports lliures de PVC.<\/p><\/div><div class=\"q_icon_list\"><i class=\"qode_icon_font_awesome fa fa-circle qode-ili-icon-holder transparent\" style=\"color: #9fc282;\" ><\/i><p style=\"color:#9fc282;font-size: 18px;font-weight: 500;margin-bottom: 20px;\">Tintes certificades Greenguard Gold.<\/p><\/div><div class=\"q_icon_list\"><i class=\"qode_icon_font_awesome fa fa-circle qode-ili-icon-holder transparent\" style=\"color: #9fc282;\" ><\/i><p style=\"color:#9fc282;font-size: 18px;font-weight: 500;margin-bottom: 20px;\">Paper certificat FSC, Pur i Mixt.<\/p><\/div><div class=\"q_icon_list\"><i class=\"qode_icon_font_awesome fa fa-circle qode-ili-icon-holder transparent\" style=\"color: #9fc282;\" ><\/i><p style=\"color:#9fc282;font-size: 18px;font-weight: 500;\">Impressi\u00f3 en tintes l\u00e0tex<\/p><\/div>[\/qode_elements_holder_item][qode_elements_holder_item vertical_alignment=&#8221;bottom&#8221; advanced_animations=&#8221;no&#8221;][vc_single_image image=&#8221;1059&#8243; img_size=&#8221;full&#8221; alignment=&#8221;center&#8221; qode_css_animation=&#8221;&#8221; css=&#8221;.vc_custom_1625941283795{margin-right: 20px !important;}&#8221;][\/qode_elements_holder_item][\/qode_elements_holder][\/vc_column][\/vc_row][vc_row css_animation=&#8221;&#8221; row_type=&#8221;row&#8221; use_row_as_full_screen_section=&#8221;no&#8221; type=&#8221;grid&#8221; angled_section=&#8221;no&#8221; text_align=&#8221;left&#8221; background_image_as_pattern=&#8221;without_pattern&#8221; z_index=&#8221;&#8221; el_id=&#8221;blog&#8221;][vc_column][vc_column_text]<\/p>\n<h2>BLOG<\/h2>\n<p>[\/vc_column_text][vc_column_text]<\/p>\n<p style=\"text-align: center;\">Visita el nostre blog i descobreix les \u00faltimes tend\u00e8ncies del sector de la impressi\u00f3 gr\u00e0fica i digital, els nostres casos d\u2019\u00e8xit i consells interessants per a millorar el teu\u00a0br\u00e0nding\u00a0visual.<\/p>\n<p>[\/vc_column_text]<div class='latest_post_two_holder three_columns'><ul><\/ul><\/div>[\/vc_column][\/vc_row][vc_row css_animation=&#8221;&#8221; row_type=&#8221;row&#8221; use_row_as_full_screen_section=&#8221;no&#8221; type=&#8221;grid&#8221; angled_section=&#8221;no&#8221; text_align=&#8221;left&#8221; background_image_as_pattern=&#8221;without_pattern&#8221; el_id=&#8221;tienda&#8221; z_index=&#8221;&#8221; background_image=&#8221;2080&#8243;][vc_column][vc_row_inner row_type=&#8221;row&#8221; type=&#8221;full_width&#8221; text_align=&#8221;left&#8221; css_animation=&#8221;&#8221;][vc_column_inner width=&#8221;1\/2&#8243;][vc_single_image image=&#8221;2085&#8243; img_size=&#8221;full&#8221; alignment=&#8221;center&#8221; qode_css_animation=&#8221;&#8221;][\/vc_column_inner][vc_column_inner width=&#8221;1\/2&#8243;][vc_column_text]<\/p>\n<h2 style=\"text-align: center;\"><strong>Descobreix la nostra <em>botiga en l\u00ednia<\/em> i realitza les teves compres de manera directa<\/strong><\/h2>\n<p>[\/vc_column_text][vc_single_image image=&#8221;2862&#8243; img_size=&#8221;full&#8221; alignment=&#8221;center&#8221; onclick=&#8221;custom_link&#8221; qode_css_animation=&#8221;&#8221; link=&#8221;https:\/\/shop.openprint.com\/es\/&#8221;][\/vc_column_inner][\/vc_row_inner][\/vc_column][\/vc_row]<\/p>\n<\/div>","protected":false},"excerpt":{"rendered":"<p>[vc_row css_animation=&#8221;&#8221; row_type=&#8221;row&#8221; use_row_as_full_screen_section=&#8221;no&#8221; type=&#8221;grid&#8221; angled_section=&#8221;no&#8221; text_align=&#8221;left&#8221; video=&#8221;show_video&#8221; video_overlay=&#8221;show_video_overlay&#8221; background_image_as_pattern=&#8221;without_pattern&#8221; z_index=&#8221;&#8221; background_image=&#8221;413&#8243; video_mp4=&#8221;https:\/\/openprint.com\/wp-content\/uploads\/2020\/12\/Video.mp4&#8243; el_id=&#8221;cabecera&#8221;][vc_column][vc_column_text] OPEN PRINT [\/vc_column_text][vc_single_image image=&#8221;2859&#8243; img_size=&#8221;full&#8221; onclick=&#8221;custom_link&#8221; qode_css_animation=&#8221;&#8221; link=&#8221;\/ca\/contacte\/&#8221;][\/vc_column][\/vc_row][vc_row css_animation=&#8221;&#8221; row_type=&#8221;row&#8221; use_row_as_full_screen_section=&#8221;no&#8221; type=&#8221;grid&#8221; angled_section=&#8221;no&#8221; text_align=&#8221;left&#8221; background_image_as_pattern=&#8221;without_pattern&#8221; el_id=&#8221;especialistas&#8221; z_index=&#8221;&#8221;][vc_column][vc_column_text] ESPECIALISTES EN IMPRESSIONS GR\u00c0FIQUES [\/vc_column_text][vc_column_text el_class=&#8221;destacado&#8221;]A Open Print t\u2019ajudem a donar vida als teus&#8230;<\/p>\n","protected":false},"author":1,"featured_media":0,"parent":0,"menu_order":0,"comment_status":"closed","ping_status":"closed","template":"full_width.php","meta":{"footnotes":""},"class_list":["post-2028","page","type-page","status-publish","hentry"],"_links":{"self":[{"href":"https:\/\/openprint.com\/ca\/wp-json\/wp\/v2\/pages\/2028","targetHints":{"allow":["GET"]}}],"collection":[{"href":"https:\/\/openprint.com\/ca\/wp-json\/wp\/v2\/pages"}],"about":[{"href":"https:\/\/openprint.com\/ca\/wp-json\/wp\/v2\/types\/page"}],"author":[{"embeddable":true,"href":"https:\/\/openprint.com\/ca\/wp-json\/wp\/v2\/users\/1"}],"replies":[{"embeddable":true,"href":"https:\/\/openprint.com\/ca\/wp-json\/wp\/v2\/comments?post=2028"}],"version-history":[{"count":2,"href":"https:\/\/openprint.com\/ca\/wp-json\/wp\/v2\/pages\/2028\/revisions"}],"predecessor-version":[{"id":2888,"href":"https:\/\/openprint.com\/ca\/wp-json\/wp\/v2\/pages\/2028\/revisions\/2888"}],"wp:attachment":[{"href":"https:\/\/openprint.com\/ca\/wp-json\/wp\/v2\/media?parent=2028"}],"curies":[{"name":"wp","href":"https:\/\/api.w.org\/{rel}","templated":true}]}}