{"id":2453,"date":"2021-07-09T13:43:35","date_gmt":"2021-07-09T11:43:35","guid":{"rendered":"https:\/\/openprint.com\/?page_id=2453"},"modified":"2021-07-21T18:43:52","modified_gmt":"2021-07-21T16:43:52","slug":"nosaltres","status":"publish","type":"page","link":"https:\/\/openprint.com\/ca\/nosaltres\/","title":{"rendered":"Nosaltres"},"content":{"rendered":"<div class=\"wpb-content-wrapper\"><p>[vc_row css_animation=&#8221;&#8221; row_type=&#8221;row&#8221; use_row_as_full_screen_section=&#8221;no&#8221; type=&#8221;grid&#8221; angled_section=&#8221;no&#8221; text_align=&#8221;left&#8221; background_image_as_pattern=&#8221;without_pattern&#8221; z_index=&#8221;&#8221; background_image=&#8221;2457&#8243; el_id=&#8221;cabecera&#8221;][vc_column][vc_column_text]<\/p>\n<h1>NOSALTRES<\/h1>\n<p>[\/vc_column_text][\/vc_column][\/vc_row][vc_row css_animation=&#8221;&#8221; row_type=&#8221;row&#8221; use_row_as_full_screen_section=&#8221;no&#8221; type=&#8221;grid&#8221; angled_section=&#8221;no&#8221; text_align=&#8221;left&#8221; background_image_as_pattern=&#8221;without_pattern&#8221; el_id=&#8221;rapidez&#8221; z_index=&#8221;&#8221;][vc_column][vc_row_inner row_type=&#8221;row&#8221; type=&#8221;full_width&#8221; text_align=&#8221;left&#8221; css_animation=&#8221;&#8221;][vc_column_inner width=&#8221;1\/3&#8243;][vc_column_text]<\/p>\n<h2><strong>OPENPRINT<\/strong><br \/>\nLA NOSTRA HIST\u00d2RIA I VISI\u00d3<\/h2>\n<p>[\/vc_column_text][\/vc_column_inner][vc_column_inner width=&#8221;2\/3&#8243;][vc_column_text]<strong>Openprint<\/strong>. Una empresa din\u00e0mica, l\u00edder en tecnologia d\u2019impressi\u00f3 sostenible i preocupada per oferir sempre la millor qualitat i el millor servei.<\/p>\n<p>Aportem els nostres coneixements i experi\u00e8ncia en el sector de la impressi\u00f3 digital aix\u00ed com impressi\u00f3 de gran format i impressi\u00f3 offset. Tot aix\u00f2 per a ajudar a les marques a diferenciar-se a trav\u00e9s de les seves campanyes de visual marketing en multitud de sectors.[\/vc_column_text][\/vc_column_inner][\/vc_row_inner][vc_row_inner row_type=&#8221;row&#8221; type=&#8221;full_width&#8221; text_align=&#8221;left&#8221; css_animation=&#8221;&#8221; el_id=&#8221;historia&#8221;][vc_column_inner el_class=&#8221;col1&#8243; width=&#8221;1\/3&#8243;][vc_column_text]OpenPrint es va fundar en 2004 com una petita impremta B2B.[\/vc_column_text][\/vc_column_inner][vc_column_inner el_class=&#8221;col2&#8243; width=&#8221;1\/3&#8243;][vc_column_text]En l\u2019actualitat, l\u2019empresa es consolida com una companyia de serveis gr\u00e0fics dirigits a grans empreses.[\/vc_column_text][\/vc_column_inner][vc_column_inner el_class=&#8221;col3&#8243; width=&#8221;1\/3&#8243;][vc_column_text]La nostra visi\u00f3 \u00e9s ser partner o empresa l\u00edder en serveis d\u2019impressi\u00f3 d\u2019ampli espectre en el qual els seus clients puguin confiar tots els processos de creaci\u00f3 i producci\u00f3 dels seus grans projectes a llarg termini.[\/vc_column_text][\/vc_column_inner][\/vc_row_inner][\/vc_column][\/vc_row][vc_row css_animation=&#8221;&#8221; row_type=&#8221;row&#8221; use_row_as_full_screen_section=&#8221;no&#8221; type=&#8221;grid&#8221; angled_section=&#8221;no&#8221; text_align=&#8221;left&#8221; background_image_as_pattern=&#8221;without_pattern&#8221; el_id=&#8221;testimonios&#8221; z_index=&#8221;&#8221;][vc_column][vc_column_text]<\/p>\n<h2>EL QUE ELS NOSTRES CLIENTS OPINEN<\/h2>\n<p>[\/vc_column_text][vc_row_inner row_type=&#8221;row&#8221; type=&#8221;full_width&#8221; text_align=&#8221;left&#8221; css_animation=&#8221;&#8221;][vc_column_inner el_class=&#8221;caja&#8221; width=&#8221;1\/3&#8243;][vc_single_image image=&#8221;847&#8243; img_size=&#8221;full&#8221; alignment=&#8221;center&#8221; qode_css_animation=&#8221;&#8221;][vc_column_text el_class=&#8221;persona&#8221;]Irene Garc\u00eda[\/vc_column_text][vc_column_text el_class=&#8221;cargo&#8221;]Responsable de Comunicaci\u00f3 i M\u00e0rqueting[\/vc_column_text][vc_column_text]Amb OpenPrint comptes amb un partner pr\u00e8mium i competitiu! Un equip de professionals als qui confiar els teus projectes amb la tranquil\u00b7litat que, el proc\u00e9s i el treball final, seran excel\u00b7lents.[\/vc_column_text][\/vc_column_inner][vc_column_inner el_class=&#8221;caja&#8221; width=&#8221;1\/3&#8243;][vc_single_image image=&#8221;841&#8243; img_size=&#8221;full&#8221; alignment=&#8221;center&#8221; qode_css_animation=&#8221;&#8221;][vc_column_text el_class=&#8221;persona&#8221;]Miriam Antol\u00ed[\/vc_column_text][vc_column_text el_class=&#8221;cargo&#8221;]Direcci\u00f3 de Comunicaci\u00f3[\/vc_column_text][vc_column_text]Quan la professionalitat i la qualitat estan garantides, el tracte personal i la implicaci\u00f3 absoluta en les feines pot ser el detall que marqui la difer\u00e8ncia. En aquest sentit, OpenPrint garanteix la tranquil\u00b7litat i la confian\u00e7a que dona el treball en equip ben ent\u00e8s.[\/vc_column_text][\/vc_column_inner][vc_column_inner el_class=&#8221;caja&#8221; width=&#8221;1\/3&#8243;][vc_single_image image=&#8221;844&#8243; img_size=&#8221;full&#8221; alignment=&#8221;center&#8221; qode_css_animation=&#8221;&#8221;][vc_column_text el_class=&#8221;persona&#8221;]Jean Baptiste Lescastreyres[\/vc_column_text][vc_column_text el_class=&#8221;cargo&#8221;]Gerent[\/vc_column_text][vc_column_text]Open Print \u00e9s un prove\u00efdor important de la nostra empresa. Les seves habilitats i professionalitat en el camp de la publicitat ajuden a optimitzar la nostra imatge de marca i la reputaci\u00f3 de la nostra empresa amb els nostres clients ia la nostra ind\u00fastria.[\/vc_column_text][\/vc_column_inner][\/vc_row_inner][\/vc_column][\/vc_row][vc_row css_animation=&#8221;&#8221; row_type=&#8221;row&#8221; use_row_as_full_screen_section=&#8221;no&#8221; type=&#8221;grid&#8221; angled_section=&#8221;no&#8221; text_align=&#8221;left&#8221; background_image_as_pattern=&#8221;without_pattern&#8221; z_index=&#8221;&#8221; el_id=&#8221;ecofriendly&#8221; background_image=&#8221;2746&#8243;][vc_column][vc_row_inner row_type=&#8221;row&#8221; type=&#8221;full_width&#8221; text_align=&#8221;left&#8221; css_animation=&#8221;&#8221; el_id=&#8221;sostenible&#8221;][vc_column_inner width=&#8221;1\/6&#8243;][\/vc_column_inner][vc_column_inner width=&#8221;5\/12&#8243;][vc_column_text]ECHO TECH &#8211; ECO FRIENDLY[\/vc_column_text][vc_column_text]<\/p>\n<h2>Moviment sostenible<\/h2>\n<p>[\/vc_column_text][\/vc_column_inner][vc_column_inner width=&#8221;3\/12&#8243;][vc_single_image image=&#8221;2466&#8243; img_size=&#8221;full&#8221; alignment=&#8221;center&#8221; qode_css_animation=&#8221;&#8221;][\/vc_column_inner][vc_column_inner width=&#8221;1\/6&#8243;][\/vc_column_inner][\/vc_row_inner][vc_column_text]<strong>Qu\u00e8 significa ser sostenible?<\/strong>\u00a0Volem passar a l\u2019acci\u00f3! Som part d\u2019una ind\u00fastria i conseg\u00fcentment necessitem de l\u2019explotaci\u00f3 de recursos per a crear valor econ\u00f2mic. Ara que sabem la nostra realitat, et proposem fer petits passos per a aconseguir junts un bon equilibri amb el planeta.<\/p>\n<p><strong>Qu\u00e8 podem fer nosaltres per a ser sostenibles?<\/strong>\u00a0Apostar per tecnologia avan\u00e7ada que no utilitza components qu\u00edmics tradicionals i els substitueix per processos no contaminants, com la tinta a base d\u2019aigua o l\u2019assecat LED. A m\u00e9s, investiguem cada dia per a trobar el substitutiu Eco-friendly a cada suport tradicional, buscant eliminar materials com el PVC o l\u2019escuma pl\u00e0stica i incorporar materials amb base de paper reciclat i reciclable.<\/p>\n<p><strong>Com ens pots ajudar en aquesta missi\u00f3?<\/strong>\u00a0\u00c9s molt f\u00e0cil! Sempre que tinguis una necessitat d\u2019impressi\u00f3, recorda que, en la majoria dels casos, existeixen versions sostenibles del mateix material que ofereixen la mateixa qualitat i\u2026<br \/>\nLa difer\u00e8ncia de preu? Sorprenent per\u00f2 ver\u00eddic, en molts casos la difer\u00e8ncia de preus entre suports tradicionals i suports sostenibles \u00e9s inexistent o presenta una variaci\u00f3 molt petita.<\/p>\n<p><strong>Sabies qu\u00e8\u2026<\/strong>\u00a0Si fomentem l\u2019\u00fas de materials sostenibles, aconseguirem que els productors d\u2019aquests materials redueixin els preus, ja que obtindran majors economies d\u2019escala i el mercat sostenible s\u2019igualar\u00e0 al tradicional.<\/p>\n<p>Nosaltres et prometem continuar buscant sempre els productes m\u00e9s nous en sostenibilitat. Ajuda\u2019ns a ser el prove\u00efdor que vols.[\/vc_column_text][vc_column_text el_class=&#8221;destacado&#8221;]<strong>T\u2019apuntes?<\/strong>[\/vc_column_text][\/vc_column][\/vc_row][vc_row css_animation=&#8221;&#8221; row_type=&#8221;row&#8221; use_row_as_full_screen_section=&#8221;no&#8221; type=&#8221;full_width&#8221; angled_section=&#8221;no&#8221; text_align=&#8221;left&#8221; background_image_as_pattern=&#8221;without_pattern&#8221; el_id=&#8221;tecnologia&#8221; z_index=&#8221;&#8221;][vc_column][vc_column_text]<\/p>\n<h2>Capacitat Tecnol\u00f2gica<\/h2>\n<p>[\/vc_column_text][vc_row_inner row_type=&#8221;row&#8221; type=&#8221;grid&#8221; text_align=&#8221;left&#8221; css_animation=&#8221;&#8221;][vc_column_inner el_class=&#8221;columna2&#8243; width=&#8221;1\/6&#8243;][\/vc_column_inner][vc_column_inner el_class=&#8221;columna1&#8243; width=&#8221;2\/3&#8243;][vc_column_text el_class=&#8221;destacado&#8221;]<strong>Sempre a l\u2019\u00faltima en maquin\u00e0ria, tintes i materials. Per seguir adaptant-nos a la nostra filosofia industrial Eco-friendly.<\/strong>[\/vc_column_text][\/vc_column_inner][vc_column_inner width=&#8221;1\/6&#8243;][\/vc_column_inner][\/vc_row_inner][vc_row_inner row_type=&#8221;row&#8221; type=&#8221;grid&#8221; text_align=&#8221;left&#8221; css_animation=&#8221;&#8221;][vc_column_inner width=&#8221;1\/5&#8243;][vc_single_image image=&#8221;2475&#8243; img_size=&#8221;full&#8221; alignment=&#8221;center&#8221; qode_css_animation=&#8221;&#8221;][vc_column_text]<\/p>\n<h3>EFI VUTEK H5 LED<\/h3>\n<p>[\/vc_column_text][\/vc_column_inner][vc_column_inner width=&#8221;1\/5&#8243;][vc_single_image image=&#8221;2478&#8243; img_size=&#8221;full&#8221; alignment=&#8221;center&#8221; qode_css_animation=&#8221;&#8221;][vc_column_text]<\/p>\n<h3>HP R1000 LATEX<\/h3>\n<p>[\/vc_column_text][\/vc_column_inner][vc_column_inner width=&#8221;1\/5&#8243;][vc_single_image image=&#8221;2484&#8243; img_size=&#8221;full&#8221; alignment=&#8221;center&#8221; qode_css_animation=&#8221;&#8221;][vc_column_text]<\/p>\n<h3>ZUND G3<\/h3>\n<p>[\/vc_column_text][\/vc_column_inner][vc_column_inner width=&#8221;1\/5&#8243;][vc_single_image image=&#8221;2481&#8243; img_size=&#8221;full&#8221; alignment=&#8221;center&#8221; qode_css_animation=&#8221;&#8221;][vc_column_text]<\/p>\n<h3>MITSUBISHI DIAMOND TANDEM<\/h3>\n<p>[\/vc_column_text][\/vc_column_inner][vc_column_inner width=&#8221;1\/5&#8243;][vc_single_image image=&#8221;2472&#8243; img_size=&#8221;full&#8221; alignment=&#8221;center&#8221; qode_css_animation=&#8221;&#8221;][vc_column_text]<\/p>\n<h3>CANON IMAGEPRESS C10000 VP<\/h3>\n<p>[\/vc_column_text][\/vc_column_inner][\/vc_row_inner][\/vc_column][\/vc_row][vc_row css_animation=&#8221;&#8221; row_type=&#8221;row&#8221; use_row_as_full_screen_section=&#8221;no&#8221; type=&#8221;grid&#8221; angled_section=&#8221;no&#8221; text_align=&#8221;left&#8221; background_image_as_pattern=&#8221;without_pattern&#8221; el_id=&#8221;tienda&#8221; z_index=&#8221;&#8221; background_image=&#8221;2080&#8243;][vc_column][vc_row_inner row_type=&#8221;row&#8221; type=&#8221;full_width&#8221; text_align=&#8221;left&#8221; css_animation=&#8221;&#8221;][vc_column_inner width=&#8221;1\/2&#8243;][vc_single_image image=&#8221;2085&#8243; img_size=&#8221;full&#8221; alignment=&#8221;center&#8221; qode_css_animation=&#8221;&#8221;][\/vc_column_inner][vc_column_inner width=&#8221;1\/2&#8243;][vc_column_text]<\/p>\n<h2 style=\"text-align: center;\">Visita la nostra\u00a0<em><strong>botiga en l\u00ednia<\/strong><\/em>\u00a0per a realitzar les teves compres de manera directa<\/h2>\n<p>[\/vc_column_text][vc_single_image image=&#8221;2862&#8243; img_size=&#8221;full&#8221; alignment=&#8221;center&#8221; onclick=&#8221;custom_link&#8221; qode_css_animation=&#8221;&#8221; link=&#8221;https:\/\/shop.openprint.com\/es\/&#8221; css=&#8221;.vc_custom_1626885793244{padding-bottom: 30px !important;}&#8221;][\/vc_column_inner][\/vc_row_inner][\/vc_column][\/vc_row]<\/p>\n<\/div>","protected":false},"excerpt":{"rendered":"<p>[vc_row css_animation=&#8221;&#8221; row_type=&#8221;row&#8221; use_row_as_full_screen_section=&#8221;no&#8221; type=&#8221;grid&#8221; angled_section=&#8221;no&#8221; text_align=&#8221;left&#8221; background_image_as_pattern=&#8221;without_pattern&#8221; z_index=&#8221;&#8221; background_image=&#8221;2457&#8243; el_id=&#8221;cabecera&#8221;][vc_column][vc_column_text] NOSALTRES [\/vc_column_text][\/vc_column][\/vc_row][vc_row css_animation=&#8221;&#8221; row_type=&#8221;row&#8221; use_row_as_full_screen_section=&#8221;no&#8221; type=&#8221;grid&#8221; angled_section=&#8221;no&#8221; text_align=&#8221;left&#8221; background_image_as_pattern=&#8221;without_pattern&#8221; el_id=&#8221;rapidez&#8221; z_index=&#8221;&#8221;][vc_column][vc_row_inner row_type=&#8221;row&#8221; type=&#8221;full_width&#8221; text_align=&#8221;left&#8221; css_animation=&#8221;&#8221;][vc_column_inner width=&#8221;1\/3&#8243;][vc_column_text] OPENPRINT LA NOSTRA HIST\u00d2RIA I VISI\u00d3 [\/vc_column_text][\/vc_column_inner][vc_column_inner width=&#8221;2\/3&#8243;][vc_column_text]Openprint. Una empresa din\u00e0mica, l\u00edder en tecnologia d\u2019impressi\u00f3 sostenible i preocupada&#8230;<\/p>\n","protected":false},"author":1,"featured_media":0,"parent":0,"menu_order":0,"comment_status":"closed","ping_status":"closed","template":"full_width.php","meta":{"footnotes":""},"class_list":["post-2453","page","type-page","status-publish","hentry"],"_links":{"self":[{"href":"https:\/\/openprint.com\/ca\/wp-json\/wp\/v2\/pages\/2453","targetHints":{"allow":["GET"]}}],"collection":[{"href":"https:\/\/openprint.com\/ca\/wp-json\/wp\/v2\/pages"}],"about":[{"href":"https:\/\/openprint.com\/ca\/wp-json\/wp\/v2\/types\/page"}],"author":[{"embeddable":true,"href":"https:\/\/openprint.com\/ca\/wp-json\/wp\/v2\/users\/1"}],"replies":[{"embeddable":true,"href":"https:\/\/openprint.com\/ca\/wp-json\/wp\/v2\/comments?post=2453"}],"version-history":[{"count":0,"href":"https:\/\/openprint.com\/ca\/wp-json\/wp\/v2\/pages\/2453\/revisions"}],"wp:attachment":[{"href":"https:\/\/openprint.com\/ca\/wp-json\/wp\/v2\/media?parent=2453"}],"curies":[{"name":"wp","href":"https:\/\/api.w.org\/{rel}","templated":true}]}}